{"id":2,"date":"2023-03-13T11:40:21","date_gmt":"2023-03-13T10:40:21","guid":{"rendered":"http:\/\/www.akaconseil.com\/?page_id=2"},"modified":"2023-07-18T16:48:53","modified_gmt":"2023-07-18T14:48:53","slug":"conseil_strategie_numerique_culture_patrimoine_territoires","status":"publish","type":"page","link":"http:\/\/www.akaconseil.com\/index.php\/conseil_strategie_numerique_culture_patrimoine_territoires\/","title":{"rendered":"Qui sommes-nous ?"},"content":{"rendered":"\n<p>Usant de m\u00e9thodes centr\u00e9es utilisateurs, nous vous un accompagnons sur toutes les phases d\u2019un projet \u00e0 destination des publics et usagers, sans oublier vos offres et valeurs. Au-del\u00e0, m\u00eame&nbsp;! Nous structurons ensemble vos approches strat\u00e9giques et pratiques m\u00e9tiers.<\/p>\n\n\n\n<p>Nous intervenons sur les projets de valorisation impliquant les publics et l\u2019envie ou le besoin d\u2019une d\u00e9marche num\u00e9rique. Etudions cela ensemble, et tra\u00e7ons la meilleure route vers votre objectif !<\/p>\n\n\n\n<p><\/p>\n\n\n\n<p>Contactez-vous : <a href=\"mailto:contact@akaconseil.com\" data-type=\"mailto\" data-id=\"mailto:contact@akaconseil.com\">contact@akaconseil.com<\/a><\/p>\n","protected":false},"excerpt":{"rendered":"<p>Usant de m\u00e9thodes centr\u00e9es utilisateurs, nous vous un accompagnons sur toutes les phases d\u2019un projet \u00e0 destination des publics et usagers, sans oublier vos offres &hellip;<\/p>\n","protected":false},"author":1,"featured_media":0,"parent":0,"menu_order":0,"comment_status":"closed","ping_status":"closed","template":"","meta":{"footnotes":""},"class_list":["post-2","page","type-page","status-publish","hentry"],"_links":{"self":[{"href":"http:\/\/www.akaconseil.com\/index.php\/wp-json\/wp\/v2\/pages\/2","targetHints":{"allow":["GET"]}}],"collection":[{"href":"http:\/\/www.akaconseil.com\/index.php\/wp-json\/wp\/v2\/pages"}],"about":[{"href":"http:\/\/www.akaconseil.com\/index.php\/wp-json\/wp\/v2\/types\/page"}],"author":[{"embeddable":true,"href":"http:\/\/www.akaconseil.com\/index.php\/wp-json\/wp\/v2\/users\/1"}],"replies":[{"embeddable":true,"href":"http:\/\/www.akaconseil.com\/index.php\/wp-json\/wp\/v2\/comments?post=2"}],"version-history":[{"count":4,"href":"http:\/\/www.akaconseil.com\/index.php\/wp-json\/wp\/v2\/pages\/2\/revisions"}],"predecessor-version":[{"id":20,"href":"http:\/\/www.akaconseil.com\/index.php\/wp-json\/wp\/v2\/pages\/2\/revisions\/20"}],"wp:attachment":[{"href":"http:\/\/www.akaconseil.com\/index.php\/wp-json\/wp\/v2\/media?parent=2"}],"curies":[{"name":"wp","href":"https:\/\/api.w.org\/{rel}","templated":true}]}}